{"id":767,"date":"2025-06-01T21:21:29","date_gmt":"2025-06-01T19:21:29","guid":{"rendered":"http:\/\/www.salvert.fr\/?page_id=767"},"modified":"2026-01-01T22:27:29","modified_gmt":"2026-01-01T21:27:29","slug":"domaine-photos","status":"publish","type":"page","link":"https:\/\/www.salvert.fr\/index.php\/domaine-photos\/","title":{"rendered":"Domaine Photos"},"content":{"rendered":"\t\t<div data-elementor-type=\"wp-page\" data-elementor-id=\"767\" class=\"elementor elementor-767\">\n\t\t\t\t<div class=\"elementor-element elementor-element-4413888 e-flex e-con-boxed e-con e-parent\" data-id=\"4413888\" data-element_type=\"container\" data-e-type=\"container\">\n\t\t\t\t\t<div class=\"e-con-inner\">\n\t\t<div class=\"elementor-element elementor-element-895e6d8 e-con-full e-flex e-con e-child\" data-id=\"895e6d8\" data-element_type=\"container\" data-e-type=\"container\">\n\t\t\t\t<div class=\"elementor-element elementor-element-18b6653 elementor-align-center elementor-widget elementor-widget-button\" data-id=\"18b6653\" data-element_type=\"widget\" data-e-type=\"widget\" data-widget_type=\"button.default\">\n\t\t\t\t<div class=\"elementor-widget-container\">\n\t\t\t\t\t\t\t\t\t<div class=\"elementor-button-wrapper\">\n\t\t\t\t\t<a class=\"elementor-button elementor-button-link elementor-size-sm\" href=\"https:\/\/www.salvert.fr\/\">\n\t\t\t\t\t\t<span class=\"elementor-button-content-wrapper\">\n\t\t\t\t\t\t\t\t\t<span class=\"elementor-button-text\">Retour<\/span>\n\t\t\t\t\t<\/span>\n\t\t\t\t\t<\/a>\n\t\t\t\t<\/div>\n\t\t\t\t\t\t\t\t<\/div>\n\t\t\t\t<\/div>\n\t\t\t\t<\/div>\n\t\t<div class=\"elementor-element elementor-element-83409a9 e-con-full e-flex e-con e-child\" data-id=\"83409a9\" data-element_type=\"container\" data-e-type=\"container\">\n\t\t\t\t<div class=\"elementor-element elementor-element-3e04dad elementor-align-center elementor-widget elementor-widget-button\" data-id=\"3e04dad\" data-element_type=\"widget\" data-e-type=\"widget\" data-widget_type=\"button.default\">\n\t\t\t\t<div class=\"elementor-widget-container\">\n\t\t\t\t\t\t\t\t\t<div class=\"elementor-button-wrapper\">\n\t\t\t\t\t<a class=\"elementor-button elementor-button-link elementor-size-sm\" href=\"https:\/\/www.salvert.fr\/\">\n\t\t\t\t\t\t<span class=\"elementor-button-content-wrapper\">\n\t\t\t\t\t\t\t\t\t<span class=\"elementor-button-text\">Accueil<\/span>\n\t\t\t\t\t<\/span>\n\t\t\t\t\t<\/a>\n\t\t\t\t<\/div>\n\t\t\t\t\t\t\t\t<\/div>\n\t\t\t\t<\/div>\n\t\t\t\t<\/div>\n\t\t\t\t\t<\/div>\n\t\t\t\t<\/div>\n\t\t<div class=\"elementor-element elementor-element-4070eac e-flex e-con-boxed e-con e-parent\" data-id=\"4070eac\" data-element_type=\"container\" data-e-type=\"container\">\n\t\t\t\t\t<div class=\"e-con-inner\">\n\t\t\t\t<div class=\"elementor-element elementor-element-e0de657 elementor-arrows-position-inside elementor-pagination-position-outside elementor-widget elementor-widget-image-carousel\" data-id=\"e0de657\" data-element_type=\"widget\" data-e-type=\"widget\" data-settings=\"{&quot;slides_to_show&quot;:&quot;1&quot;,&quot;navigation&quot;:&quot;both&quot;,&quot;autoplay&quot;:&quot;yes&quot;,&quot;pause_on_hover&quot;:&quot;yes&quot;,&quot;pause_on_interaction&quot;:&quot;yes&quot;,&quot;autoplay_speed&quot;:5000,&quot;infinite&quot;:&quot;yes&quot;,&quot;effect&quot;:&quot;slide&quot;,&quot;speed&quot;:500}\" data-widget_type=\"image-carousel.default\">\n\t\t\t\t<div class=\"elementor-widget-container\">\n\t\t\t\t\t\t\t<div class=\"elementor-image-carousel-wrapper swiper\" role=\"region\" aria-roledescription=\"carousel\" aria-label=\"Carrousel d\u2019images\" dir=\"ltr\">\n\t\t\t<div class=\"elementor-image-carousel swiper-wrapper\" aria-live=\"off\">\n\t\t\t\t\t\t\t\t<div class=\"swiper-slide\" role=\"group\" aria-roledescription=\"slide\" aria-label=\"1 of 18\"><figure class=\"swiper-slide-inner\"><img decoding=\"async\" class=\"swiper-slide-image\" src=\"https:\/\/www.salvert.fr\/wp-content\/uploads\/2026\/01\/Entree-Arghi-768x432.webp\" alt=\"Entree Arghi\" \/><figcaption class=\"elementor-image-carousel-caption\">Entree Arghi<\/figcaption><\/figure><\/div><div class=\"swiper-slide\" role=\"group\" aria-roledescription=\"slide\" aria-label=\"2 of 18\"><figure class=\"swiper-slide-inner\"><img decoding=\"async\" class=\"swiper-slide-image\" src=\"https:\/\/www.salvert.fr\/wp-content\/uploads\/2026\/01\/Arghi-allee-01-1-768x432.webp\" alt=\"Arghi all\u00e9e 01\" \/><figcaption class=\"elementor-image-carousel-caption\">Arghi all\u00e9e 01<\/figcaption><\/figure><\/div><div class=\"swiper-slide\" role=\"group\" aria-roledescription=\"slide\" aria-label=\"3 of 18\"><figure class=\"swiper-slide-inner\"><img decoding=\"async\" class=\"swiper-slide-image\" src=\"https:\/\/www.salvert.fr\/wp-content\/uploads\/2026\/01\/Vigna-1-768x432.webp\" alt=\"Vigna\" \/><figcaption class=\"elementor-image-carousel-caption\">Vigna<\/figcaption><\/figure><\/div><div class=\"swiper-slide\" role=\"group\" aria-roledescription=\"slide\" aria-label=\"4 of 18\"><figure class=\"swiper-slide-inner\"><img decoding=\"async\" class=\"swiper-slide-image\" src=\"https:\/\/www.salvert.fr\/wp-content\/uploads\/2026\/01\/Arghi-Zen-et-Entree-768x346.webp\" alt=\"Arghi Zen et Entr\u00e9e\" \/><figcaption class=\"elementor-image-carousel-caption\">Arghi Zen et Entr\u00e9e<\/figcaption><\/figure><\/div><div class=\"swiper-slide\" role=\"group\" aria-roledescription=\"slide\" aria-label=\"5 of 18\"><figure class=\"swiper-slide-inner\"><img decoding=\"async\" class=\"swiper-slide-image\" src=\"https:\/\/www.salvert.fr\/wp-content\/uploads\/2026\/01\/Arghi-Anciennes-Vignes-1-768x432.webp\" alt=\"Arghi Anciennes Vignes\" \/><figcaption class=\"elementor-image-carousel-caption\">Arghi Anciennes Vignes<\/figcaption><\/figure><\/div><div class=\"swiper-slide\" role=\"group\" aria-roledescription=\"slide\" aria-label=\"6 of 18\"><figure class=\"swiper-slide-inner\"><img decoding=\"async\" class=\"swiper-slide-image\" src=\"https:\/\/www.salvert.fr\/wp-content\/uploads\/2026\/01\/Arghi-Couche-de-Soleil-Stalla-1-768x432.webp\" alt=\"Arghi Couch\u00e9 de Soleil Stalla\" \/><figcaption class=\"elementor-image-carousel-caption\">Arghi Couch\u00e9 de Soleil Stalla<\/figcaption><\/figure><\/div><div class=\"swiper-slide\" role=\"group\" aria-roledescription=\"slide\" aria-label=\"7 of 18\"><figure class=\"swiper-slide-inner\"><img decoding=\"async\" class=\"swiper-slide-image\" src=\"https:\/\/www.salvert.fr\/wp-content\/uploads\/2026\/01\/Arghi-Potage-1-768x432.webp\" alt=\"Arghi Potag\u00e9\" \/><figcaption class=\"elementor-image-carousel-caption\">Arghi Potag\u00e9<\/figcaption><\/figure><\/div><div class=\"swiper-slide\" role=\"group\" aria-roledescription=\"slide\" aria-label=\"8 of 18\"><figure class=\"swiper-slide-inner\"><img decoding=\"async\" class=\"swiper-slide-image\" src=\"https:\/\/www.salvert.fr\/wp-content\/uploads\/2026\/01\/Arghi-Potager-1-768x432.webp\" alt=\"Arghi Potager\" \/><figcaption class=\"elementor-image-carousel-caption\">Arghi Potager<\/figcaption><\/figure><\/div><div class=\"swiper-slide\" role=\"group\" aria-roledescription=\"slide\" aria-label=\"9 of 18\"><figure class=\"swiper-slide-inner\"><img decoding=\"async\" class=\"swiper-slide-image\" src=\"https:\/\/www.salvert.fr\/wp-content\/uploads\/2026\/01\/Arghi-Vue-depuis-Pierres-Blanches-1-768x432.webp\" alt=\"Arghi Vue depuis Pierres Blanches\" \/><figcaption class=\"elementor-image-carousel-caption\">Arghi Vue depuis Pierres Blanches<\/figcaption><\/figure><\/div><div class=\"swiper-slide\" role=\"group\" aria-roledescription=\"slide\" aria-label=\"10 of 18\"><figure class=\"swiper-slide-inner\"><img decoding=\"async\" class=\"swiper-slide-image\" src=\"https:\/\/www.salvert.fr\/wp-content\/uploads\/2026\/01\/Arghi-Couche-de-Soleil-1-768x432.webp\" alt=\"Arghi Couch\u00e9 de Soleil\" \/><figcaption class=\"elementor-image-carousel-caption\">Arghi Couch\u00e9 de Soleil<\/figcaption><\/figure><\/div><div class=\"swiper-slide\" role=\"group\" aria-roledescription=\"slide\" aria-label=\"11 of 18\"><figure class=\"swiper-slide-inner\"><img decoding=\"async\" class=\"swiper-slide-image\" src=\"https:\/\/www.salvert.fr\/wp-content\/uploads\/2026\/01\/Arghi-Vue-Potager-1-768x432.webp\" alt=\"Arghi Vue Potager\" \/><figcaption class=\"elementor-image-carousel-caption\">Arghi Vue Potager<\/figcaption><\/figure><\/div><div class=\"swiper-slide\" role=\"group\" aria-roledescription=\"slide\" aria-label=\"12 of 18\"><figure class=\"swiper-slide-inner\"><img decoding=\"async\" class=\"swiper-slide-image\" src=\"https:\/\/www.salvert.fr\/wp-content\/uploads\/2026\/01\/ArghiVue-Sur-Stalla-2-768x432.webp\" alt=\"ArghiVue Sur Stalla\" \/><figcaption class=\"elementor-image-carousel-caption\">ArghiVue Sur Stalla<\/figcaption><\/figure><\/div><div class=\"swiper-slide\" role=\"group\" aria-roledescription=\"slide\" aria-label=\"13 of 18\"><figure class=\"swiper-slide-inner\"><img decoding=\"async\" class=\"swiper-slide-image\" src=\"https:\/\/www.salvert.fr\/wp-content\/uploads\/2026\/01\/Arghi-Source-1-768x432.webp\" alt=\"Arghi Source\" \/><figcaption class=\"elementor-image-carousel-caption\">Arghi Source<\/figcaption><\/figure><\/div><div class=\"swiper-slide\" role=\"group\" aria-roledescription=\"slide\" aria-label=\"14 of 18\"><figure class=\"swiper-slide-inner\"><img decoding=\"async\" class=\"swiper-slide-image\" src=\"https:\/\/www.salvert.fr\/wp-content\/uploads\/2026\/01\/Arghi-champs-1-768x432.webp\" alt=\"Arghi champs\" \/><figcaption class=\"elementor-image-carousel-caption\">Arghi champs<\/figcaption><\/figure><\/div><div class=\"swiper-slide\" role=\"group\" aria-roledescription=\"slide\" aria-label=\"15 of 18\"><figure class=\"swiper-slide-inner\"><img decoding=\"async\" class=\"swiper-slide-image\" src=\"https:\/\/www.salvert.fr\/wp-content\/uploads\/2026\/01\/Vigna-Vue-Col-de-San-Bastiano-1-768x432.webp\" alt=\"Vigna Vue Col de San-Bastiano\" \/><figcaption class=\"elementor-image-carousel-caption\">Vigna Vue Col de San-Bastiano<\/figcaption><\/figure><\/div><div class=\"swiper-slide\" role=\"group\" aria-roledescription=\"slide\" aria-label=\"16 of 18\"><figure class=\"swiper-slide-inner\"><img decoding=\"async\" class=\"swiper-slide-image\" src=\"https:\/\/www.salvert.fr\/wp-content\/uploads\/2026\/01\/Vigna-vue-de-la-Chambre-1-768x432.webp\" alt=\"Vigna vue de la Chambre\" \/><figcaption class=\"elementor-image-carousel-caption\">Vigna vue de la Chambre<\/figcaption><\/figure><\/div><div class=\"swiper-slide\" role=\"group\" aria-roledescription=\"slide\" aria-label=\"17 of 18\"><figure class=\"swiper-slide-inner\"><img decoding=\"async\" class=\"swiper-slide-image\" src=\"https:\/\/www.salvert.fr\/wp-content\/uploads\/2026\/01\/Vigna-Jacuzzy-2-768x432.webp\" alt=\"Vigna Jacuzzy\" \/><figcaption class=\"elementor-image-carousel-caption\">Vigna Jacuzzy<\/figcaption><\/figure><\/div><div class=\"swiper-slide\" role=\"group\" aria-roledescription=\"slide\" aria-label=\"18 of 18\"><figure class=\"swiper-slide-inner\"><img decoding=\"async\" class=\"swiper-slide-image\" src=\"https:\/\/www.salvert.fr\/wp-content\/uploads\/2026\/01\/Zen-1-768x346.webp\" alt=\"Zen\" \/><figcaption class=\"elementor-image-carousel-caption\">Zen<\/figcaption><\/figure><\/div>\t\t\t<\/div>\n\t\t\t\t\t\t\t\t\t\t\t\t<div class=\"elementor-swiper-button elementor-swiper-button-prev\" role=\"button\" tabindex=\"0\">\n\t\t\t\t\t\t<svg aria-hidden=\"true\" class=\"e-font-icon-svg e-eicon-chevron-left\" viewBox=\"0 0 1000 1000\" xmlns=\"http:\/\/www.w3.org\/2000\/svg\"><path d=\"M646 125C629 125 613 133 604 142L308 442C296 454 292 471 292 487 292 504 296 521 308 533L604 854C617 867 629 875 646 875 663 875 679 871 692 858 704 846 713 829 713 812 713 796 708 779 692 767L438 487 692 225C700 217 708 204 708 187 708 171 704 154 692 142 675 129 663 125 646 125Z\"><\/path><\/svg>\t\t\t\t\t<\/div>\n\t\t\t\t\t<div class=\"elementor-swiper-button elementor-swiper-button-next\" role=\"button\" tabindex=\"0\">\n\t\t\t\t\t\t<svg aria-hidden=\"true\" class=\"e-font-icon-svg e-eicon-chevron-right\" viewBox=\"0 0 1000 1000\" xmlns=\"http:\/\/www.w3.org\/2000\/svg\"><path d=\"M696 533C708 521 713 504 713 487 713 471 708 454 696 446L400 146C388 133 375 125 354 125 338 125 325 129 313 142 300 154 292 171 292 187 292 204 296 221 308 233L563 492 304 771C292 783 288 800 288 817 288 833 296 850 308 863 321 871 338 875 354 875 371 875 388 867 400 854L696 533Z\"><\/path><\/svg>\t\t\t\t\t<\/div>\n\t\t\t\t\n\t\t\t\t\t\t\t\t\t<div class=\"swiper-pagination\"><\/div>\n\t\t\t\t\t\t\t\t\t<\/div>\n\t\t\t\t\t\t<\/div>\n\t\t\t\t<\/div>\n\t\t\t\t\t<\/div>\n\t\t\t\t<\/div>\n\t\t\t\t<\/div>\n\t\t","protected":false},"excerpt":{"rendered":"<p>Retour Accueil Entree Arghi Arghi all\u00e9e 01 Vigna Arghi Zen et Entr\u00e9e Arghi Anciennes Vignes Arghi Couch\u00e9 de Soleil Stalla Arghi Potag\u00e9 Arghi Potager Arghi Vue depuis Pierres Blanches Arghi Couch\u00e9 de Soleil Arghi Vue Potager ArghiVue Sur Stalla Arghi Source Arghi champs Vigna Vue Col de San-Bastiano Vigna vue de la Chambre Vigna Jacuzzy<span class=\"post-excerpt-end\">&hellip;<\/span><\/p>\n<p class=\"more-link\"><a href=\"https:\/\/www.salvert.fr\/index.php\/domaine-photos\/\" class=\"themebutton\">Read More<\/a><\/p>\n","protected":false},"author":1,"featured_media":0,"parent":0,"menu_order":0,"comment_status":"closed","ping_status":"closed","template":"","meta":{"footnotes":""},"class_list":["post-767","page","type-page","status-publish","hentry"],"_links":{"self":[{"href":"https:\/\/www.salvert.fr\/index.php\/wp-json\/wp\/v2\/pages\/767","targetHints":{"allow":["GET"]}}],"collection":[{"href":"https:\/\/www.salvert.fr\/index.php\/wp-json\/wp\/v2\/pages"}],"about":[{"href":"https:\/\/www.salvert.fr\/index.php\/wp-json\/wp\/v2\/types\/page"}],"author":[{"embeddable":true,"href":"https:\/\/www.salvert.fr\/index.php\/wp-json\/wp\/v2\/users\/1"}],"replies":[{"embeddable":true,"href":"https:\/\/www.salvert.fr\/index.php\/wp-json\/wp\/v2\/comments?post=767"}],"version-history":[{"count":25,"href":"https:\/\/www.salvert.fr\/index.php\/wp-json\/wp\/v2\/pages\/767\/revisions"}],"predecessor-version":[{"id":1085,"href":"https:\/\/www.salvert.fr\/index.php\/wp-json\/wp\/v2\/pages\/767\/revisions\/1085"}],"wp:attachment":[{"href":"https:\/\/www.salvert.fr\/index.php\/wp-json\/wp\/v2\/media?parent=767"}],"curies":[{"name":"wp","href":"https:\/\/api.w.org\/{rel}","templated":true}]}}