{"id":7,"date":"2024-12-27T22:56:42","date_gmt":"2024-12-27T21:56:42","guid":{"rendered":"http:\/\/www.salvert.fr\/?page_id=7"},"modified":"2026-01-24T19:11:07","modified_gmt":"2026-01-24T18:11:07","slug":"accueil","status":"publish","type":"page","link":"https:\/\/www.salvert.fr\/","title":{"rendered":"Arghilaghju"},"content":{"rendered":"\t\t<div data-elementor-type=\"wp-page\" data-elementor-id=\"7\" class=\"elementor elementor-7\">\n\t\t\t\t<div class=\"elementor-element elementor-element-92bf95a e-flex e-con-boxed e-con e-parent\" data-id=\"92bf95a\" data-element_type=\"container\" data-e-type=\"container\">\n\t\t\t\t\t<div class=\"e-con-inner\">\n\t\t\t\t<div class=\"elementor-element elementor-element-70e45b5 elementor-widget elementor-widget-heading\" data-id=\"70e45b5\" data-element_type=\"widget\" data-e-type=\"widget\" data-widget_type=\"heading.default\">\n\t\t\t\t<div class=\"elementor-widget-container\">\n\t\t\t\t\t<h2 class=\"elementor-heading-title elementor-size-default\">Le Domaine &amp; Vos Hotes <\/h2>\t\t\t\t<\/div>\n\t\t\t\t<\/div>\n\t\t\t\t<div class=\"elementor-element elementor-element-dc1934e elementor-widget elementor-widget-heading\" data-id=\"dc1934e\" data-element_type=\"widget\" data-e-type=\"widget\" data-widget_type=\"heading.default\">\n\t\t\t\t<div class=\"elementor-widget-container\">\n\t\t\t\t\t<h2 class=\"elementor-heading-title elementor-size-default\">LE DOMAINE :<\/h2>\t\t\t\t<\/div>\n\t\t\t\t<\/div>\n\t\t\t\t<div class=\"elementor-element elementor-element-1b686ab elementor-widget elementor-widget-text-editor\" data-id=\"1b686ab\" data-element_type=\"widget\" data-e-type=\"widget\" data-widget_type=\"text-editor.default\">\n\t\t\t\t<div class=\"elementor-widget-container\">\n\t\t\t\t\t\t\t\t\t<p dir=\"auto\"><strong>G\u00eetes au C\u0153ur de la Nature Corse<\/strong><\/p><p class=\"whitespace-break-spaces\" dir=\"auto\"><strong>D\u00e9couvrez nos g\u00eetes au domaine d\u2019Arghilaghju<\/strong>, propri\u00e9t\u00e9 de la famille Santini depuis plusieurs g\u00e9n\u00e9rations. Implant\u00e9s sur d\u2019anciens terrains viticoles, ils s\u2019int\u00e8grent aujourd\u2019hui dans un \u00e9crin de nature pr\u00e9serv\u00e9e.<\/p><p class=\"whitespace-break-spaces\" dir=\"auto\"><strong>Nich\u00e9s sur un terrain arbor\u00e9 d\u2019un hectare<\/strong>, nos g\u00eetes vous accueillent au milieu des senteurs enivrantes d\u2019eucalyptus et d\u2019immortelle. Entour\u00e9 de <strong>10 hectares de maquis sauvage<\/strong>, le domaine offre un havre de paix, id\u00e9al pour se ressourcer et se reconnecter \u00e0 l\u2019essentiel.<\/p><p class=\"whitespace-break-spaces\" dir=\"auto\"><strong>L\u2019authenticit\u00e9 en plus<\/strong> : peut-\u00eatre aurez-vous la chance d\u2019observer des moutons en libert\u00e9 ou le majestueux milan royal, ajoutant une touche sauvage et pr\u00e9serv\u00e9e \u00e0 votre s\u00e9jour.<\/p><p dir=\"auto\"><strong>Proximit\u00e9 et Accessibilit\u00e9<\/strong><\/p><p dir=\"auto\">Situ\u00e9s \u00e0 seulement 10 km d&#8217;Ajaccio, nos g\u00eetes b\u00e9n\u00e9ficient d&#8217;un emplacement privil\u00e9gi\u00e9, alliant tranquillit\u00e9 et accessibilit\u00e9. En \u00e0 peine 10 minutes, rejoignez les plages magnifiques de la r\u00e9gion pour profiter du soleil et des activit\u00e9s nautiques.<\/p><p dir=\"auto\"><strong>Pourquoi Choisir Nos G\u00eetes ?<\/strong><\/p><ul><li><strong>Environnement Naturel<\/strong>\u00a0: Profitez d&#8217;un cadre verdoyant et apaisant, loin de l&#8217;agitation urbaine.<\/li><li><strong>Proximit\u00e9 des Attractions<\/strong>\u00a0: \u00c0 quelques minutes d&#8217;Ajaccio et des plages, explorez facilement les tr\u00e9sors de la Corse.<\/li><li><strong>Authenticit\u00e9 et Charme<\/strong>\u00a0: Vivez une exp\u00e9rience authentique au c\u0153ur du maquis corse, avec des senteurs et des paysages uniques.<\/li><\/ul><p dir=\"auto\">R\u00e9servez d\u00e8s maintenant votre s\u00e9jour et laissez-vous s\u00e9duire par la beaut\u00e9 naturelle de la Corse !<\/p>\t\t\t\t\t\t\t\t<\/div>\n\t\t\t\t<\/div>\n\t\t\t\t<div class=\"elementor-element elementor-element-de54a5f elementor-widget elementor-widget-heading\" data-id=\"de54a5f\" data-element_type=\"widget\" data-e-type=\"widget\" data-widget_type=\"heading.default\">\n\t\t\t\t<div class=\"elementor-widget-container\">\n\t\t\t\t\t<h2 class=\"elementor-heading-title elementor-size-default\">VOS HOTES (Emmanuelle et Yann) :<\/h2>\t\t\t\t<\/div>\n\t\t\t\t<\/div>\n\t\t\t\t<div class=\"elementor-element elementor-element-26ff1b9 elementor-widget elementor-widget-text-editor\" data-id=\"26ff1b9\" data-element_type=\"widget\" data-e-type=\"widget\" data-widget_type=\"text-editor.default\">\n\t\t\t\t<div class=\"elementor-widget-container\">\n\t\t\t\t\t\t\t\t\t<p class=\"whitespace-break-spaces\" dir=\"auto\"><strong>Une histoire de passion et de partage<\/strong><\/p><p class=\"whitespace-break-spaces\" dir=\"auto\">Originaires du centre de la France, nous avons v\u00e9cu et travaill\u00e9 plusieurs ann\u00e9es en \u00cele-de-France avant de r\u00e9aliser notre r\u00eave : nous installer en Corse et y ouvrir nos g\u00eetes. Depuis 2024, nous accueillons nos invit\u00e9s dans ce cadre idyllique, o\u00f9 la nature pr\u00e9serv\u00e9e et la douceur de vivre corses nous ont imm\u00e9diatement conquis.<\/p><p class=\"whitespace-break-spaces\" dir=\"auto\"><strong>Pourquoi la Corse ?<\/strong> Depuis toujours, nous r\u00eavions de tenir des g\u00eetes, de cr\u00e9er un lieu o\u00f9 l\u2019on se sent chez soi, o\u00f9 l\u2019on partage plus qu\u2019un h\u00e9bergement : des moments, des rencontres, des d\u00e9couvertes. La Corse s\u2019est impos\u00e9e comme une \u00e9vidence, un territoire o\u00f9 l\u2019accueil et l\u2019authenticit\u00e9 sont une v\u00e9ritable philosophie de vie.<\/p><p class=\"whitespace-break-spaces\" dir=\"auto\"><strong>Notre approche :<\/strong> Pour nous, recevoir est une seconde nature. \u00c9coute, partage et convivialit\u00e9 sont au c\u0153ur de notre projet. Nous mettons un point d\u2019honneur \u00e0 vous conseiller pour que vous profitiez pleinement de votre s\u00e9jour : balades hors des sentiers battus, bonnes adresses, ou simplement un verre de vin local que vous pourrez partager au coucher du soleil.<\/p><p class=\"whitespace-break-spaces\" dir=\"auto\"><strong>Notre promesse :<\/strong> Vous aider \u00e0 passer un s\u00e9jour inoubliable, o\u00f9 vous vous sentirez comme chez vous, dans un cadre exceptionnel, au milieu de la nature, en plain maquis. Nous sommes l\u00e0 pour vous guider si besoin, pour vous proposer des lieux ou se promener, \u00e0 visiter, des restaurants, des plages ou des activit\u00e9s.<\/p><p class=\"whitespace-break-spaces\" dir=\"auto\"><em>&#8220;Accueillir, c\u2019est avant tout cr\u00e9er des liens et vous faire vivre la Corse autrement.&#8221;<\/em><\/p>\t\t\t\t\t\t\t\t<\/div>\n\t\t\t\t<\/div>\n\t\t\t\t\t<\/div>\n\t\t\t\t<\/div>\n\t\t<div class=\"elementor-element elementor-element-1da5e1d e-flex e-con-boxed e-con e-parent\" data-id=\"1da5e1d\" data-element_type=\"container\" data-e-type=\"container\">\n\t\t\t\t\t<div class=\"e-con-inner\">\n\t\t\t\t<div class=\"elementor-element elementor-element-280e33d elementor-widget elementor-widget-heading\" data-id=\"280e33d\" data-element_type=\"widget\" data-e-type=\"widget\" data-widget_type=\"heading.default\">\n\t\t\t\t<div class=\"elementor-widget-container\">\n\t\t\t\t\t<h2 class=\"elementor-heading-title elementor-size-default\">La Corse en Photos<\/h2>\t\t\t\t<\/div>\n\t\t\t\t<\/div>\n\t\t\t\t\t<\/div>\n\t\t\t\t<\/div>\n\t\t<div class=\"elementor-element elementor-element-958af76 e-flex e-con-boxed e-con e-parent\" data-id=\"958af76\" data-element_type=\"container\" data-e-type=\"container\">\n\t\t\t\t\t<div class=\"e-con-inner\">\n\t\t\t\t<div class=\"elementor-element elementor-element-38d104e elementor-arrows-position-inside elementor-pagination-position-outside elementor-widget elementor-widget-image-carousel\" data-id=\"38d104e\" data-element_type=\"widget\" data-e-type=\"widget\" data-settings=\"{&quot;slides_to_show&quot;:&quot;1&quot;,&quot;navigation&quot;:&quot;both&quot;,&quot;autoplay&quot;:&quot;yes&quot;,&quot;pause_on_hover&quot;:&quot;yes&quot;,&quot;pause_on_interaction&quot;:&quot;yes&quot;,&quot;autoplay_speed&quot;:5000,&quot;infinite&quot;:&quot;yes&quot;,&quot;effect&quot;:&quot;slide&quot;,&quot;speed&quot;:500}\" data-widget_type=\"image-carousel.default\">\n\t\t\t\t<div class=\"elementor-widget-container\">\n\t\t\t\t\t\t\t<div class=\"elementor-image-carousel-wrapper swiper\" role=\"region\" aria-roledescription=\"carousel\" aria-label=\"Carrousel d\u2019images\" dir=\"ltr\">\n\t\t\t<div class=\"elementor-image-carousel swiper-wrapper\" aria-live=\"off\">\n\t\t\t\t\t\t\t\t<div class=\"swiper-slide\" role=\"group\" aria-roledescription=\"slide\" aria-label=\"1 of 34\"><figure class=\"swiper-slide-inner\"><img decoding=\"async\" class=\"swiper-slide-image\" src=\"https:\/\/www.salvert.fr\/wp-content\/uploads\/2026\/01\/Ajaccio-depuis-la-Montagne-768x432.webp\" alt=\"Ajaccio depuis la Montagne\" \/><figcaption class=\"elementor-image-carousel-caption\">Ajaccio depuis la Montagne<\/figcaption><\/figure><\/div><div class=\"swiper-slide\" role=\"group\" aria-roledescription=\"slide\" aria-label=\"2 of 34\"><figure class=\"swiper-slide-inner\"><img decoding=\"async\" class=\"swiper-slide-image\" src=\"https:\/\/www.salvert.fr\/wp-content\/uploads\/2026\/01\/Anes-Lava-768x432.webp\" alt=\"Anes Lava\" \/><figcaption class=\"elementor-image-carousel-caption\">Anes Lava<\/figcaption><\/figure><\/div><div class=\"swiper-slide\" role=\"group\" aria-roledescription=\"slide\" aria-label=\"3 of 34\"><figure class=\"swiper-slide-inner\"><img decoding=\"async\" class=\"swiper-slide-image\" src=\"https:\/\/www.salvert.fr\/wp-content\/uploads\/2026\/01\/Arghi-Lauriers-Rose-768x1364.webp\" alt=\"Arghi Lauriers Rose\" \/><figcaption class=\"elementor-image-carousel-caption\">Arghi Lauriers Rose<\/figcaption><\/figure><\/div><div class=\"swiper-slide\" role=\"group\" aria-roledescription=\"slide\" aria-label=\"4 of 34\"><figure class=\"swiper-slide-inner\"><img decoding=\"async\" class=\"swiper-slide-image\" src=\"https:\/\/www.salvert.fr\/wp-content\/uploads\/2026\/01\/Cargese-768x432.webp\" alt=\"Cargese\" \/><figcaption class=\"elementor-image-carousel-caption\">Cargese<\/figcaption><\/figure><\/div><div class=\"swiper-slide\" role=\"group\" aria-roledescription=\"slide\" aria-label=\"5 of 34\"><figure class=\"swiper-slide-inner\"><img decoding=\"async\" class=\"swiper-slide-image\" src=\"https:\/\/www.salvert.fr\/wp-content\/uploads\/2026\/01\/Cascades-du-Radule-768x576.webp\" alt=\"Cascades du Radule\" \/><figcaption class=\"elementor-image-carousel-caption\">Cascades du Radule<\/figcaption><\/figure><\/div><div class=\"swiper-slide\" role=\"group\" aria-roledescription=\"slide\" aria-label=\"6 of 34\"><figure class=\"swiper-slide-inner\"><img decoding=\"async\" class=\"swiper-slide-image\" src=\"https:\/\/www.salvert.fr\/wp-content\/uploads\/2026\/01\/Chemin-Vers-la-Mer-768x432.webp\" alt=\"Chemin Vers la Mer\" \/><figcaption class=\"elementor-image-carousel-caption\">Chemin Vers la Mer<\/figcaption><\/figure><\/div><div class=\"swiper-slide\" role=\"group\" aria-roledescription=\"slide\" aria-label=\"7 of 34\"><figure class=\"swiper-slide-inner\"><img decoding=\"async\" class=\"swiper-slide-image\" src=\"https:\/\/www.salvert.fr\/wp-content\/uploads\/2026\/01\/Chevres-768x765.webp\" alt=\"Chevres\" \/><figcaption class=\"elementor-image-carousel-caption\">Chevres<\/figcaption><\/figure><\/div><div class=\"swiper-slide\" role=\"group\" aria-roledescription=\"slide\" aria-label=\"8 of 34\"><figure class=\"swiper-slide-inner\"><img decoding=\"async\" class=\"swiper-slide-image\" src=\"https:\/\/www.salvert.fr\/wp-content\/uploads\/2026\/01\/Cochons-Noir-768x432.webp\" alt=\"Cochons Noir\" \/><figcaption class=\"elementor-image-carousel-caption\">Cochons Noir<\/figcaption><\/figure><\/div><div class=\"swiper-slide\" role=\"group\" aria-roledescription=\"slide\" aria-label=\"9 of 34\"><figure class=\"swiper-slide-inner\"><img decoding=\"async\" class=\"swiper-slide-image\" src=\"https:\/\/www.salvert.fr\/wp-content\/uploads\/2026\/01\/Cochons-768x432.webp\" alt=\"Cochons\" \/><figcaption class=\"elementor-image-carousel-caption\">Cochons<\/figcaption><\/figure><\/div><div class=\"swiper-slide\" role=\"group\" aria-roledescription=\"slide\" aria-label=\"10 of 34\"><figure class=\"swiper-slide-inner\"><img decoding=\"async\" class=\"swiper-slide-image\" src=\"https:\/\/www.salvert.fr\/wp-content\/uploads\/2026\/01\/Lavande-768x1364.webp\" alt=\"Lavande\" \/><figcaption class=\"elementor-image-carousel-caption\">Lavande<\/figcaption><\/figure><\/div><div class=\"swiper-slide\" role=\"group\" aria-roledescription=\"slide\" aria-label=\"11 of 34\"><figure class=\"swiper-slide-inner\"><img decoding=\"async\" class=\"swiper-slide-image\" src=\"https:\/\/www.salvert.fr\/wp-content\/uploads\/2026\/01\/Mer-couche-1-768x432.webp\" alt=\"Mer couch\u00e9 1\" \/><figcaption class=\"elementor-image-carousel-caption\">Mer couch\u00e9 1<\/figcaption><\/figure><\/div><div class=\"swiper-slide\" role=\"group\" aria-roledescription=\"slide\" aria-label=\"12 of 34\"><figure class=\"swiper-slide-inner\"><img decoding=\"async\" class=\"swiper-slide-image\" src=\"https:\/\/www.salvert.fr\/wp-content\/uploads\/2026\/01\/Mer-Couche-2-768x432.webp\" alt=\"Mer Couch\u00e9 2\" \/><figcaption class=\"elementor-image-carousel-caption\">Mer Couch\u00e9 2<\/figcaption><\/figure><\/div><div class=\"swiper-slide\" role=\"group\" aria-roledescription=\"slide\" aria-label=\"13 of 34\"><figure class=\"swiper-slide-inner\"><img decoding=\"async\" class=\"swiper-slide-image\" src=\"https:\/\/www.salvert.fr\/wp-content\/uploads\/2026\/01\/Montagne-Couche-Soleil-01-768x346.webp\" alt=\"Montagne Couche Soleil 01\" \/><figcaption class=\"elementor-image-carousel-caption\">Montagne Couche Soleil 01<\/figcaption><\/figure><\/div><div class=\"swiper-slide\" role=\"group\" aria-roledescription=\"slide\" aria-label=\"14 of 34\"><figure class=\"swiper-slide-inner\"><img decoding=\"async\" class=\"swiper-slide-image\" src=\"https:\/\/www.salvert.fr\/wp-content\/uploads\/2026\/01\/Montagne-Soleil-Mer-768x346.webp\" alt=\"Montagne Soleil Mer\" \/><figcaption class=\"elementor-image-carousel-caption\">Montagne Soleil Mer<\/figcaption><\/figure><\/div><div class=\"swiper-slide\" role=\"group\" aria-roledescription=\"slide\" aria-label=\"15 of 34\"><figure class=\"swiper-slide-inner\"><img decoding=\"async\" class=\"swiper-slide-image\" src=\"https:\/\/www.salvert.fr\/wp-content\/uploads\/2026\/01\/Montagnes-01-768x432.webp\" alt=\"Montagnes 01\" \/><figcaption class=\"elementor-image-carousel-caption\">Montagnes 01<\/figcaption><\/figure><\/div><div class=\"swiper-slide\" role=\"group\" aria-roledescription=\"slide\" aria-label=\"16 of 34\"><figure class=\"swiper-slide-inner\"><img decoding=\"async\" class=\"swiper-slide-image\" src=\"https:\/\/www.salvert.fr\/wp-content\/uploads\/2026\/01\/Montagnes-02-768x432.webp\" alt=\"Montagnes 02\" \/><figcaption class=\"elementor-image-carousel-caption\">Montagnes 02<\/figcaption><\/figure><\/div><div class=\"swiper-slide\" role=\"group\" aria-roledescription=\"slide\" aria-label=\"17 of 34\"><figure class=\"swiper-slide-inner\"><img decoding=\"async\" class=\"swiper-slide-image\" src=\"https:\/\/www.salvert.fr\/wp-content\/uploads\/2026\/01\/Montagnes-03-768x432.webp\" alt=\"Montagnes 03\" \/><figcaption class=\"elementor-image-carousel-caption\">Montagnes 03<\/figcaption><\/figure><\/div><div class=\"swiper-slide\" role=\"group\" aria-roledescription=\"slide\" aria-label=\"18 of 34\"><figure class=\"swiper-slide-inner\"><img decoding=\"async\" class=\"swiper-slide-image\" src=\"https:\/\/www.salvert.fr\/wp-content\/uploads\/2026\/01\/Montagnes-Arc-en-ciel-768x432.webp\" alt=\"Montagnes Arc en ciel\" \/><figcaption class=\"elementor-image-carousel-caption\">Montagnes Arc en ciel<\/figcaption><\/figure><\/div><div class=\"swiper-slide\" role=\"group\" aria-roledescription=\"slide\" aria-label=\"19 of 34\"><figure class=\"swiper-slide-inner\"><img decoding=\"async\" class=\"swiper-slide-image\" src=\"https:\/\/www.salvert.fr\/wp-content\/uploads\/2026\/01\/Montagnes-Neige-Corte-768x432.webp\" alt=\"Montagnes Neige Corte\" \/><figcaption class=\"elementor-image-carousel-caption\">Montagnes Neige Corte<\/figcaption><\/figure><\/div><div class=\"swiper-slide\" role=\"group\" aria-roledescription=\"slide\" aria-label=\"20 of 34\"><figure class=\"swiper-slide-inner\"><img decoding=\"async\" class=\"swiper-slide-image\" src=\"https:\/\/www.salvert.fr\/wp-content\/uploads\/2026\/01\/Orchidee-Sauvage-768x1364.webp\" alt=\"Orchid\u00e9e Sauvage\" \/><figcaption class=\"elementor-image-carousel-caption\">Orchid\u00e9e Sauvage<\/figcaption><\/figure><\/div><div class=\"swiper-slide\" role=\"group\" aria-roledescription=\"slide\" aria-label=\"21 of 34\"><figure class=\"swiper-slide-inner\"><img decoding=\"async\" class=\"swiper-slide-image\" src=\"https:\/\/www.salvert.fr\/wp-content\/uploads\/2026\/01\/Piana-Coeur-768x432.webp\" alt=\"Piana Coeur\" \/><figcaption class=\"elementor-image-carousel-caption\">Piana Coeur<\/figcaption><\/figure><\/div><div class=\"swiper-slide\" role=\"group\" aria-roledescription=\"slide\" aria-label=\"22 of 34\"><figure class=\"swiper-slide-inner\"><img decoding=\"async\" class=\"swiper-slide-image\" src=\"https:\/\/www.salvert.fr\/wp-content\/uploads\/2026\/01\/Piana-Mer-768x432.webp\" alt=\"Piana Mer\" \/><figcaption class=\"elementor-image-carousel-caption\">Piana Mer<\/figcaption><\/figure><\/div><div class=\"swiper-slide\" role=\"group\" aria-roledescription=\"slide\" aria-label=\"23 of 34\"><figure class=\"swiper-slide-inner\"><img decoding=\"async\" class=\"swiper-slide-image\" src=\"https:\/\/www.salvert.fr\/wp-content\/uploads\/2026\/01\/Plage-Couche-Soleil-01--768x432.webp\" alt=\"Plage Couche Soleil 01\" \/><figcaption class=\"elementor-image-carousel-caption\">Plage Couche Soleil 01<\/figcaption><\/figure><\/div><div class=\"swiper-slide\" role=\"group\" aria-roledescription=\"slide\" aria-label=\"24 of 34\"><figure class=\"swiper-slide-inner\"><img decoding=\"async\" class=\"swiper-slide-image\" src=\"https:\/\/www.salvert.fr\/wp-content\/uploads\/2026\/01\/Plage-Couche-Soleil-02-768x432.webp\" alt=\"Plage Couche Soleil 02\" \/><figcaption class=\"elementor-image-carousel-caption\">Plage Couche Soleil 02<\/figcaption><\/figure><\/div><div class=\"swiper-slide\" role=\"group\" aria-roledescription=\"slide\" aria-label=\"25 of 34\"><figure class=\"swiper-slide-inner\"><img decoding=\"async\" class=\"swiper-slide-image\" src=\"https:\/\/www.salvert.fr\/wp-content\/uploads\/2026\/01\/Plage-Couche-Soleil-03-768x432.webp\" alt=\"Plage Couche Soleil 03\" \/><figcaption class=\"elementor-image-carousel-caption\">Plage Couche Soleil 03<\/figcaption><\/figure><\/div><div class=\"swiper-slide\" role=\"group\" aria-roledescription=\"slide\" aria-label=\"26 of 34\"><figure class=\"swiper-slide-inner\"><img decoding=\"async\" class=\"swiper-slide-image\" src=\"https:\/\/www.salvert.fr\/wp-content\/uploads\/2026\/01\/Plage-Couche-Soleil-04-768x432.webp\" alt=\"Plage Couche Soleil 04\" \/><figcaption class=\"elementor-image-carousel-caption\">Plage Couche Soleil 04<\/figcaption><\/figure><\/div><div class=\"swiper-slide\" role=\"group\" aria-roledescription=\"slide\" aria-label=\"27 of 34\"><figure class=\"swiper-slide-inner\"><img decoding=\"async\" class=\"swiper-slide-image\" src=\"https:\/\/www.salvert.fr\/wp-content\/uploads\/2026\/01\/Plage-de-Santana-768x576.webp\" alt=\"Plage de Santana\" \/><figcaption class=\"elementor-image-carousel-caption\">Plage de Santana<\/figcaption><\/figure><\/div><div class=\"swiper-slide\" role=\"group\" aria-roledescription=\"slide\" aria-label=\"28 of 34\"><figure class=\"swiper-slide-inner\"><img decoding=\"async\" class=\"swiper-slide-image\" src=\"https:\/\/www.salvert.fr\/wp-content\/uploads\/2026\/01\/Plage-Lava-Champagne-768x1024.webp\" alt=\"Plage Lava Champagne\" \/><figcaption class=\"elementor-image-carousel-caption\">Plage Lava Champagne<\/figcaption><\/figure><\/div><div class=\"swiper-slide\" role=\"group\" aria-roledescription=\"slide\" aria-label=\"29 of 34\"><figure class=\"swiper-slide-inner\"><img decoding=\"async\" class=\"swiper-slide-image\" src=\"https:\/\/www.salvert.fr\/wp-content\/uploads\/2026\/01\/Plage-Lava-Couche-Soleil-768x432.webp\" alt=\"Plage Lava Couche Soleil\" \/><figcaption class=\"elementor-image-carousel-caption\">Plage Lava Couche Soleil<\/figcaption><\/figure><\/div><div class=\"swiper-slide\" role=\"group\" aria-roledescription=\"slide\" aria-label=\"30 of 34\"><figure class=\"swiper-slide-inner\"><img decoding=\"async\" class=\"swiper-slide-image\" src=\"https:\/\/www.salvert.fr\/wp-content\/uploads\/2026\/01\/Plage-Porticcio-768x432.webp\" alt=\"Plage Porticcio\" \/><figcaption class=\"elementor-image-carousel-caption\">Plage Porticcio<\/figcaption><\/figure><\/div><div class=\"swiper-slide\" role=\"group\" aria-roledescription=\"slide\" aria-label=\"31 of 34\"><figure class=\"swiper-slide-inner\"><img decoding=\"async\" class=\"swiper-slide-image\" src=\"https:\/\/www.salvert.fr\/wp-content\/uploads\/2026\/01\/Plage-Restaurant-768x430.webp\" alt=\"Plage Restaurant\" \/><figcaption class=\"elementor-image-carousel-caption\">Plage Restaurant<\/figcaption><\/figure><\/div><div class=\"swiper-slide\" role=\"group\" aria-roledescription=\"slide\" aria-label=\"32 of 34\"><figure class=\"swiper-slide-inner\"><img decoding=\"async\" class=\"swiper-slide-image\" src=\"https:\/\/www.salvert.fr\/wp-content\/uploads\/2026\/01\/Tour-Genoise-768x432.webp\" alt=\"Tour Genoise\" \/><figcaption class=\"elementor-image-carousel-caption\">Tour Genoise<\/figcaption><\/figure><\/div><div class=\"swiper-slide\" role=\"group\" aria-roledescription=\"slide\" aria-label=\"33 of 34\"><figure class=\"swiper-slide-inner\"><img decoding=\"async\" class=\"swiper-slide-image\" src=\"https:\/\/www.salvert.fr\/wp-content\/uploads\/2026\/01\/Vaches-768x432.webp\" alt=\"Vaches\" \/><figcaption class=\"elementor-image-carousel-caption\">Vaches<\/figcaption><\/figure><\/div><div class=\"swiper-slide\" role=\"group\" aria-roledescription=\"slide\" aria-label=\"34 of 34\"><figure class=\"swiper-slide-inner\"><img decoding=\"async\" class=\"swiper-slide-image\" src=\"https:\/\/www.salvert.fr\/wp-content\/uploads\/2026\/01\/Village-Venaco-768x432.webp\" alt=\"Village Venaco\" \/><figcaption class=\"elementor-image-carousel-caption\">Village Venaco<\/figcaption><\/figure><\/div>\t\t\t<\/div>\n\t\t\t\t\t\t\t\t\t\t\t\t<div class=\"elementor-swiper-button elementor-swiper-button-prev\" role=\"button\" tabindex=\"0\">\n\t\t\t\t\t\t<svg aria-hidden=\"true\" class=\"e-font-icon-svg e-eicon-chevron-left\" viewBox=\"0 0 1000 1000\" xmlns=\"http:\/\/www.w3.org\/2000\/svg\"><path d=\"M646 125C629 125 613 133 604 142L308 442C296 454 292 471 292 487 292 504 296 521 308 533L604 854C617 867 629 875 646 875 663 875 679 871 692 858 704 846 713 829 713 812 713 796 708 779 692 767L438 487 692 225C700 217 708 204 708 187 708 171 704 154 692 142 675 129 663 125 646 125Z\"><\/path><\/svg>\t\t\t\t\t<\/div>\n\t\t\t\t\t<div class=\"elementor-swiper-button elementor-swiper-button-next\" role=\"button\" tabindex=\"0\">\n\t\t\t\t\t\t<svg aria-hidden=\"true\" class=\"e-font-icon-svg e-eicon-chevron-right\" viewBox=\"0 0 1000 1000\" xmlns=\"http:\/\/www.w3.org\/2000\/svg\"><path d=\"M696 533C708 521 713 504 713 487 713 471 708 454 696 446L400 146C388 133 375 125 354 125 338 125 325 129 313 142 300 154 292 171 292 187 292 204 296 221 308 233L563 492 304 771C292 783 288 800 288 817 288 833 296 850 308 863 321 871 338 875 354 875 371 875 388 867 400 854L696 533Z\"><\/path><\/svg>\t\t\t\t\t<\/div>\n\t\t\t\t\n\t\t\t\t\t\t\t\t\t<div class=\"swiper-pagination\"><\/div>\n\t\t\t\t\t\t\t\t\t<\/div>\n\t\t\t\t\t\t<\/div>\n\t\t\t\t<\/div>\n\t\t\t\t\t<\/div>\n\t\t\t\t<\/div>\n\t\t\t\t<\/div>\n\t\t","protected":false},"excerpt":{"rendered":"<p>Le Domaine &amp; Vos Hotes LE DOMAINE : G\u00eetes au C\u0153ur de la Nature Corse D\u00e9couvrez nos g\u00eetes au domaine d\u2019Arghilaghju, propri\u00e9t\u00e9 de la famille Santini depuis plusieurs g\u00e9n\u00e9rations. Implant\u00e9s sur d\u2019anciens terrains viticoles, ils s\u2019int\u00e8grent aujourd\u2019hui dans un \u00e9crin de nature pr\u00e9serv\u00e9e. Nich\u00e9s sur un terrain arbor\u00e9 d\u2019un hectare, nos g\u00eetes vous accueillent au<span class=\"post-excerpt-end\">&hellip;<\/span><\/p>\n<p class=\"more-link\"><a href=\"https:\/\/www.salvert.fr\/\" class=\"themebutton\">Read More<\/a><\/p>\n","protected":false},"author":1,"featured_media":0,"parent":0,"menu_order":0,"comment_status":"closed","ping_status":"closed","template":"","meta":{"footnotes":""},"class_list":["post-7","page","type-page","status-publish","hentry"],"_links":{"self":[{"href":"https:\/\/www.salvert.fr\/index.php\/wp-json\/wp\/v2\/pages\/7","targetHints":{"allow":["GET"]}}],"collection":[{"href":"https:\/\/www.salvert.fr\/index.php\/wp-json\/wp\/v2\/pages"}],"about":[{"href":"https:\/\/www.salvert.fr\/index.php\/wp-json\/wp\/v2\/types\/page"}],"author":[{"embeddable":true,"href":"https:\/\/www.salvert.fr\/index.php\/wp-json\/wp\/v2\/users\/1"}],"replies":[{"embeddable":true,"href":"https:\/\/www.salvert.fr\/index.php\/wp-json\/wp\/v2\/comments?post=7"}],"version-history":[{"count":158,"href":"https:\/\/www.salvert.fr\/index.php\/wp-json\/wp\/v2\/pages\/7\/revisions"}],"predecessor-version":[{"id":1175,"href":"https:\/\/www.salvert.fr\/index.php\/wp-json\/wp\/v2\/pages\/7\/revisions\/1175"}],"wp:attachment":[{"href":"https:\/\/www.salvert.fr\/index.php\/wp-json\/wp\/v2\/media?parent=7"}],"curies":[{"name":"wp","href":"https:\/\/api.w.org\/{rel}","templated":true}]}}